{"id":10003,"date":"2020-05-19T21:23:51","date_gmt":"2020-05-20T01:23:51","guid":{"rendered":"https:\/\/yolaguz.com\/?page_id=10003"},"modified":"2025-09-10T17:45:30","modified_gmt":"2025-09-10T21:45:30","slug":"financiamiento-disponible","status":"publish","type":"page","link":"https:\/\/yolaguz.com\/es\/financiamiento-disponible\/","title":{"rendered":"Financiamiento Disponible"},"content":{"rendered":"<p>[et_pb_section fb_built=\u00bb1&#8243; fullwidth=\u00bbon\u00bb _builder_version=\u00bb4.16&#8243; use_background_color_gradient=\u00bbon\u00bb background_color_gradient_stops=\u00bbrgba(250,0,255,0.62) 0%|rgba(81,0,48,0.9) 100%\u00bb background_color_gradient_overlays_image=\u00bbon\u00bb background_color_gradient_start=\u00bbrgba(250,0,255,0.62)\u00bb background_color_gradient_end=\u00bbrgba(81,0,48,0.9)\u00bb background_image=\u00bbhttps:\/\/yolaguz.com\/wp-content\/uploads\/2020\/04\/pngwing.com-1.png\u00bb global_colors_info=\u00bb{}\u00bb][et_pb_fullwidth_post_title meta=\u00bboff\u00bb featured_image=\u00bboff\u00bb _builder_version=\u00bb4.16&#8243; title_text_color=\u00bb#ffffff\u00bb custom_padding=\u00bb||60px||false|false\u00bb global_colors_info=\u00bb{}\u00bb][\/et_pb_fullwidth_post_title][\/et_pb_section][et_pb_section fb_built=\u00bb1&#8243; _builder_version=\u00bb4.16&#8243; global_colors_info=\u00bb{}\u00bb][et_pb_row _builder_version=\u00bb4.16&#8243; global_colors_info=\u00bb{}\u00bb][et_pb_column type=\u00bb4_4&#8243; _builder_version=\u00bb4.16&#8243; global_colors_info=\u00bb{}\u00bb][et_pb_text _builder_version=\u00bb4.16&#8243; global_colors_info=\u00bb{}\u00bb]<\/p>\n<h2><span>\u00a1Estudia ahora y paga luego! Hay financiamiento disponible para usted &#8230;<\/span><\/h2>\n<p>[\/et_pb_text][et_pb_text _builder_version=\u00bb4.16&#8243; global_colors_info=\u00bb{}\u00bb]<\/p>\n<p><span style=\"font-weight: 400;\">Hemos desarrollado un programa de pago para ofrecerle financiamiento y que usted pueda pagar c\u00f3modamente el costo de su Educaci\u00f3n Floral.\u00a0<\/span><\/p>\n<p><span style=\"font-weight: 400;\">No pierdas esta oportunidad!\u00a0 No permita que la falta de dinero lo detenga con sus planes de vida. Como seres humanos estamos constantemente buscando formas de ganarnos la vida dignamente y al mismo tiempo, involucrarnos en algo que nos apasiona, Flores &#8230; Crear Belleza &#8230; Arte floral.<\/span><\/p>\n<p><span style=\"font-weight: 400;\">Hemos creado una asociaci\u00f3n con SweetPay que le brinda opciones de pr\u00e9stamo que cubren una amplia gama de puntajes de cr\u00e9dito. En solo unos minutos, puede presentar una solicitud para ver si existen ofertas de pr\u00e9stamos disponibles para usted sin afectar su puntaje de cr\u00e9dito.<\/span><\/p>\n<p><span style=\"font-weight: 400;\">Convi\u00e9rtase en un dise\u00f1ador y empresario floral profesional certificado y sea feliz y exitoso.<\/span><\/p>\n<p><span style=\"font-weight: 400;\">No se demore, ll\u00e1menos para obtener m\u00e1s informaci\u00f3n y para obtener su solicitud de pr\u00e9stamo &#8230; tel. 305-504-1061<\/span><\/p>\n<p>[\/et_pb_text][et_pb_image src=\u00bbhttps:\/\/yolaguz.com\/wp-content\/uploads\/2025\/09\/aifd-logo.jpg\u00bb _builder_version=\u00bb4.27.4&#8243; _module_preset=\u00bbdefault\u00bb title_text=\u00bbaifd-logo\u00bb hover_enabled=\u00bb0&#8243; sticky_enabled=\u00bb0&#8243;][\/et_pb_image][\/et_pb_column][\/et_pb_row][\/et_pb_section]<\/p>\n","protected":false},"excerpt":{"rendered":"<p>\u00a1Estudia ahora y paga luego! Hay financiamiento disponible para usted &#8230;Hemos desarrollado un programa de pago para ofrecerle financiamiento y que usted pueda pagar c\u00f3modamente el costo de su Educaci\u00f3n Floral.\u00a0 No pierdas esta oportunidad!\u00a0 No permita que la falta de dinero lo detenga con sus planes de vida. Como seres humanos estamos constantemente buscando [&hellip;]<\/p>\n","protected":false},"author":456,"featured_media":0,"parent":0,"menu_order":0,"comment_status":"closed","ping_status":"closed","template":"","meta":{"_et_pb_use_builder":"on","_et_pb_old_content":"<p>[et_pb_section fb_built=\"1\" fullwidth=\"on\" _builder_version=\"4.2.2\" use_background_color_gradient=\"on\" background_color_gradient_start=\"rgba(250,0,255,0.62)\" background_color_gradient_end=\"rgba(81,0,48,0.9)\" background_color_gradient_overlays_image=\"on\" background_image=\"https:\/\/yolaguz.com\/wp-content\/uploads\/2020\/04\/pngwing.com-1.png\"][et_pb_fullwidth_post_title meta=\"off\" featured_image=\"off\" _builder_version=\"4.2.2\" title_text_color=\"#ffffff\" custom_padding=\"||60px||false|false\"][\/et_pb_fullwidth_post_title][\/et_pb_section][et_pb_section fb_built=\"1\" _builder_version=\"4.2.2\"][et_pb_row _builder_version=\"4.2.2\"][et_pb_column type=\"4_4\" _builder_version=\"4.2.2\"][et_pb_text _builder_version=\"4.4.4\" hover_enabled=\"0\"]<\/p><h2><b>Study now while you pay over time!\u00a0<\/b><b>There is financing available for you \u2026<\/b><\/h2><p>[\/et_pb_text][et_pb_text _builder_version=\"4.4.4\" hover_enabled=\"0\"]<\/p><p>We have developed a payment program to offer you financing so that you can pay over time for the cost of your Floral Education.\u00a0 Don\u2019t lose this opportunity. Don\u2019t let the lack of disposable funds hold you back. \u00a0 We are constantly searching for ways of making a decent living and at the same time be involved in something that we love the most, Flowers\u2026 creating beauty\u2026 Floral Art.<\/p><p>We have created a partnership with SweetPay providing you lending options that cover a wide range of credit scores. In just a few minutes, you can apply to see if loan offers are available for you without affecting your credit score.\u00a0<\/p><p>Become a Certified Professional Floral Designer and entrepreneur and be happy and successful.\u00a0<\/p><p><b>Don\u2019t delay, call us for more information and to get your loan application\u2026\u00a0 tel. 305-504-1061<\/b><\/p><p>\u00a0<\/p><p>[\/et_pb_text][\/et_pb_column][\/et_pb_row][\/et_pb_section]<\/p>","_et_gb_content_width":"","footnotes":""},"class_list":["post-10003","page","type-page","status-publish","hentry"],"_links":{"self":[{"href":"https:\/\/yolaguz.com\/es\/wp-json\/wp\/v2\/pages\/10003","targetHints":{"allow":["GET"]}}],"collection":[{"href":"https:\/\/yolaguz.com\/es\/wp-json\/wp\/v2\/pages"}],"about":[{"href":"https:\/\/yolaguz.com\/es\/wp-json\/wp\/v2\/types\/page"}],"author":[{"embeddable":true,"href":"https:\/\/yolaguz.com\/es\/wp-json\/wp\/v2\/users\/456"}],"replies":[{"embeddable":true,"href":"https:\/\/yolaguz.com\/es\/wp-json\/wp\/v2\/comments?post=10003"}],"version-history":[{"count":0,"href":"https:\/\/yolaguz.com\/es\/wp-json\/wp\/v2\/pages\/10003\/revisions"}],"wp:attachment":[{"href":"https:\/\/yolaguz.com\/es\/wp-json\/wp\/v2\/media?parent=10003"}],"curies":[{"name":"wp","href":"https:\/\/api.w.org\/{rel}","templated":true}]}}