{"id":9846,"date":"2020-05-14T02:52:49","date_gmt":"2020-05-14T02:52:49","guid":{"rendered":"https:\/\/yolaguz.com\/?page_id=9846"},"modified":"2025-09-10T17:44:15","modified_gmt":"2025-09-10T21:44:15","slug":"contactenos","status":"publish","type":"page","link":"https:\/\/yolaguz.com\/es\/contactenos\/","title":{"rendered":"Cont\u00e1ctenos"},"content":{"rendered":"<p>[et_pb_section fb_built=\u00bb1&#8243; fullwidth=\u00bbon\u00bb _builder_version=\u00bb4.16&#8243; use_background_color_gradient=\u00bbon\u00bb background_color_gradient_stops=\u00bbrgba(250,0,255,0.62) 0%|rgba(81,0,48,0.9) 100%\u00bb background_color_gradient_overlays_image=\u00bbon\u00bb background_color_gradient_start=\u00bbrgba(250,0,255,0.62)\u00bb background_color_gradient_end=\u00bbrgba(81,0,48,0.9)\u00bb background_image=\u00bbhttps:\/\/yolaguz.com\/wp-content\/uploads\/2020\/04\/pngwing.com-1.png\u00bb global_colors_info=\u00bb{}\u00bb][et_pb_fullwidth_post_title meta=\u00bboff\u00bb featured_image=\u00bboff\u00bb _builder_version=\u00bb4.16&#8243; title_text_color=\u00bb#ffffff\u00bb custom_padding=\u00bb||60px||false|false\u00bb global_colors_info=\u00bb{}\u00bb][\/et_pb_fullwidth_post_title][\/et_pb_section][et_pb_section fb_built=\u00bb1&#8243; admin_label=\u00bbsection\u00bb _builder_version=\u00bb4.16&#8243; custom_padding=\u00bb52px|||||\u00bb global_colors_info=\u00bb{}\u00bb][et_pb_row column_structure=\u00bb1_2,1_2&#8243; admin_label=\u00bbrow\u00bb _builder_version=\u00bb4.16&#8243; background_size=\u00bbinitial\u00bb background_position=\u00bbtop_left\u00bb background_repeat=\u00bbrepeat\u00bb global_colors_info=\u00bb{}\u00bb][et_pb_column type=\u00bb1_2&#8243; _builder_version=\u00bb4.16&#8243; custom_padding=\u00bb|||\u00bb global_colors_info=\u00bb{}\u00bb custom_padding__hover=\u00bb|||\u00bb][et_pb_image src=\u00bbhttps:\/\/yolaguz.com\/wp-content\/uploads\/2025\/09\/aifd-logo.jpg\u00bb _builder_version=\u00bb4.27.4&#8243; _module_preset=\u00bbdefault\u00bb title_text=\u00bbaifd-logo\u00bb hover_enabled=\u00bb0&#8243; sticky_enabled=\u00bb0&#8243; align=\u00bbcenter\u00bb][\/et_pb_image][et_pb_text admin_label=\u00bbText\u00bb _builder_version=\u00bb4.16&#8243; background_size=\u00bbinitial\u00bb background_position=\u00bbtop_left\u00bb background_repeat=\u00bbrepeat\u00bb global_colors_info=\u00bb{}\u00bb]<\/p>\n<p><!--themify_builder_static--><\/p>\n<h1>Conozca nuestra escuela<\/h1>\n<p><span>Los cursos florales de Yola Guz le ofrecer\u00e1n una gran experiencia de aprendizaje que le ayudar\u00e1 a convertirse en un Dise\u00f1ador Floral Profesional Certificado. Estamos ansiosos de ense\u00f1arle nuestros m\u00e9todos que lo ayudara a tener \u00e9xito en el mundo del dise\u00f1o floral.<\/span><\/p>\n<p><strong>Horario:<br \/><\/strong>Lunes a Viernes 9am &#8211; 5pm\u00a0EST<\/p>\n<p><strong>Direcci\u00f3n:<br \/><\/strong><span>4855 NW 72nd Ave Suite # 101, Miami, FL 33166<\/span><\/p>\n<p><strong>Telefono:<br \/><\/strong><span>(305) 504.1061<\/span><\/p>\n<p>&nbsp;<\/p>\n<p><!--\/themify_builder_static--><\/p>\n<p>[\/et_pb_text][et_pb_image src=\u00bbhttps:\/\/yolaguz.com\/wp-content\/uploads\/2020\/04\/IMG-20200328-WA0022.jpg\u00bb title_text=\u00bbIMG-20200328-WA0022&#8243; _builder_version=\u00bb4.16&#8243; global_colors_info=\u00bb{}\u00bb][\/et_pb_image][\/et_pb_column][et_pb_column type=\u00bb1_2&#8243; _builder_version=\u00bb4.16&#8243; custom_padding=\u00bb|||\u00bb global_colors_info=\u00bb{}\u00bb custom_padding__hover=\u00bb|||\u00bb][et_pb_text _builder_version=\u00bb4.16&#8243; global_colors_info=\u00bb{}\u00bb]<\/p>\n<h4>\u00bfTiene preguntas?\u00a0\u00a0Escr\u00edbanos aqui:<\/h4>\n<p><div class=\"frm_forms  with_frm_style frm_style_formidable-style\" id=\"frm_form_21_container\" >\n<form enctype=\"multipart\/form-data\" method=\"post\" class=\"frm-show-form  frm_pro_form \" id=\"form_alternabit-contact-spanish\" >\n<div class=\"frm_form_fields \">\n<fieldset>\n<legend class=\"frm_hidden\">Cont\u00e1ctenos<\/legend>\r\n\r\n<div class=\"frm_fields_container\">\n<input type=\"hidden\" name=\"frm_action\" value=\"create\" \/>\n<input type=\"hidden\" name=\"form_id\" value=\"21\" \/>\n<input type=\"hidden\" name=\"frm_hide_fields_21\" id=\"frm_hide_fields_21\" value=\"\" \/>\n<input type=\"hidden\" name=\"form_key\" value=\"alternabit-contact-spanish\" \/>\n<input type=\"hidden\" name=\"item_meta[0]\" value=\"\" \/>\n<input type=\"hidden\" id=\"frm_submit_entry_21\" name=\"frm_submit_entry_21\" value=\"db005cb8f0\" \/><input type=\"hidden\" name=\"_wp_http_referer\" value=\"\/es\/wp-json\/wp\/v2\/pages\/9846\" \/><div id=\"frm_field_164_container\" class=\"frm_form_field form-field  frm_required_field frm_top_container frm_first frm_half\">\r\n    <label for=\"field_qh4icy7\" class=\"frm_primary_label\">Nombre completo\r\n        <span class=\"frm_required\">*<\/span>\r\n    <\/label>\r\n    <input  type=\"text\" id=\"field_qh4icy7\" name=\"item_meta[164]\" value=\"\"  data-reqmsg=\"Nombre completo cannot be blank.\" aria-required=\"true\" data-invmsg=\"Name is invalid\" aria-invalid=\"false\"   aria-describedby=\"frm_desc_field_qh4icy7\" \/>\r\n    <div class=\"frm_description\" id=\"frm_desc_field_qh4icy7\">Primer Nombre<\/div>\r\n    \r\n<\/div>\n<div id=\"frm_field_165_container\" class=\"frm_form_field form-field  frm_required_field frm_hidden_container frm_half\">\r\n    <label for=\"field_ocfup17\" class=\"frm_primary_label\">Apellido\r\n        <span class=\"frm_required\">*<\/span>\r\n    <\/label>\r\n    <input  type=\"text\" id=\"field_ocfup17\" name=\"item_meta[165]\" value=\"\"  data-reqmsg=\"Apellido cannot be blank.\" aria-required=\"true\" data-invmsg=\"Last is invalid\" aria-invalid=\"false\"   aria-describedby=\"frm_desc_field_ocfup17\" \/>\r\n    <div class=\"frm_description\" id=\"frm_desc_field_ocfup17\">Apellido<\/div>\r\n    \r\n<\/div>\n<div id=\"frm_field_166_container\" class=\"frm_form_field form-field  frm_required_field frm_top_container frm_full\">\r\n    <label for=\"field_29yf4d7\" class=\"frm_primary_label\">Email\r\n        <span class=\"frm_required\">*<\/span>\r\n    <\/label>\r\n    <input type=\"email\" id=\"field_29yf4d7\" name=\"item_meta[166]\" value=\"\"  data-reqmsg=\"Email cannot be blank.\" aria-required=\"true\" data-invmsg=\"Please enter a valid email address\" aria-invalid=\"false\"  \/>\r\n    \r\n    \r\n<\/div>\n<div id=\"frm_field_167_container\" class=\"frm_form_field form-field  frm_required_field frm_top_container frm_full\">\r\n    <label for=\"field_e6lis67\" class=\"frm_primary_label\">Asunto\r\n        <span class=\"frm_required\">*<\/span>\r\n    <\/label>\r\n    <input  type=\"text\" id=\"field_e6lis67\" name=\"item_meta[167]\" value=\"\"  data-reqmsg=\"Asunto cannot be blank.\" aria-required=\"true\" data-invmsg=\"Subject is invalid\" aria-invalid=\"false\"   \/>\r\n    \r\n    \r\n<\/div>\n<div id=\"frm_field_168_container\" class=\"frm_form_field form-field  frm_required_field frm_top_container frm_full\">\r\n    <label for=\"field_9jv0r16\" class=\"frm_primary_label\">Mensaje\r\n        <span class=\"frm_required\">*<\/span>\r\n    <\/label>\r\n    <textarea name=\"item_meta[168]\" id=\"field_9jv0r16\" rows=\"5\"  data-reqmsg=\"Mensaje cannot be blank.\" aria-required=\"true\" data-invmsg=\"Mensaje no es v\u00e1lido\" aria-invalid=\"false\"  ><\/textarea>\r\n    \r\n    \r\n<\/div>\n<div id=\"frm_field_169_container\" class=\"frm_form_field form-field  frm_top_container\">\r\n    <label for=\"g-recaptcha-response\" class=\"frm_primary_label\">reCAPTCHA\r\n        <span class=\"frm_required\"><\/span>\r\n    <\/label>\r\n    <div  id=\"field_dvwge3\" class=\"g-recaptcha\" data-sitekey=\"6LdJxpMpAAAAADP9z2YUmDaMGifIe7X99FBCFCXz\" data-size=\"invisible\" data-theme=\"light\" data-callback=\"frmAfterRecaptcha\"><\/div>\r\n    \r\n    \r\n<\/div>\n<div id=\"frm_field_183_container\" class=\"frm_form_field form-field \">\r\n\t<div class=\"frm_submit\">\r\n\r\n<button class=\"frm_button_submit frm_final_submit\" type=\"submit\"   formnovalidate=\"formnovalidate\">Enviar mensaje<\/button>\r\n\r\n<\/div>\r\n<\/div>\n\t<input type=\"hidden\" name=\"item_key\" value=\"\" \/>\n\t\t\t<div id=\"frm_field_237_container\">\n\t\t\t<label for=\"field_mjj86\" >\n\t\t\t\tSi eres humano, deja este campo en blanco.\t\t\t<\/label>\n\t\t\t<input  id=\"field_mjj86\" type=\"text\" class=\"frm_form_field form-field frm_verify\" name=\"item_meta[237]\" value=\"\"  \/>\n\t\t<\/div>\n\t\t<input name=\"frm_state\" type=\"hidden\" value=\"xjXJVIToNsKCgea5Cz5ZZO4pLEq0Ev4LU6vgtFlN9coj1FZFxSc9dT7Ydr4FFIq9\" \/><\/div>\n<\/fieldset>\n<\/div>\n\n<\/form>\n<\/div>\n[\/et_pb_text][et_pb_code _builder_version=\u00bb4.16&#8243; global_colors_info=\u00bb{}\u00bb]<iframe loading=\"lazy\" src=\"https:\/\/www.google.com\/maps\/embed?pb=!1m18!1m12!1m3!1d1315.278586543278!2d-80.31336122230348!3d25.81718296638648!2m3!1f0!2f0!3f0!3m2!1i1024!2i768!4f13.1!3m3!1m2!1s0x88d9ba2f2759d2a5%3A0x27dea1da76e7889e!2sYOLA%20GUZ&#39;s%20School%20of%20Floral%20Design!5e1!3m2!1sen!2sus!4v1590608120853!5m2!1sen!2sus\" width=\"600\" height=\"450\" frameborder=\"0\" style=\"border:0;\" allowfullscreen=\"\" aria-hidden=\"false\" tabindex=\"0\"><\/iframe>[\/et_pb_code][\/et_pb_column][\/et_pb_row][\/et_pb_section]<\/p>\n","protected":false},"excerpt":{"rendered":"<p>Conozca nuestra escuela Los cursos florales de Yola Guz le ofrecer\u00e1n una gran experiencia de aprendizaje que le ayudar\u00e1 a convertirse en un Dise\u00f1ador Floral Profesional Certificado. Estamos ansiosos de ense\u00f1arle nuestros m\u00e9todos que lo ayudara a tener \u00e9xito en el mundo del dise\u00f1o floral. Horario:Lunes a Viernes 9am &#8211; 5pm\u00a0EST Direcci\u00f3n:4855 NW 72nd Ave [&hellip;]<\/p>\n","protected":false},"author":456,"featured_media":0,"parent":0,"menu_order":0,"comment_status":"closed","ping_status":"closed","template":"","meta":{"_et_pb_use_builder":"on","_et_pb_old_content":"<p>[et_pb_section fb_built=\"1\" fullwidth=\"on\" _builder_version=\"4.2.2\" use_background_color_gradient=\"on\" background_color_gradient_start=\"rgba(250,0,255,0.62)\" background_color_gradient_end=\"rgba(81,0,48,0.9)\" background_color_gradient_overlays_image=\"on\" background_image=\"https:\/\/yolaguz.com\/wp-content\/uploads\/2020\/04\/pngwing.com-1.png\" global_module=\"9081\"][et_pb_fullwidth_post_title meta=\"off\" featured_image=\"off\" _builder_version=\"4.2.2\" title_text_color=\"#ffffff\" custom_padding=\"||60px||false|false\"][\/et_pb_fullwidth_post_title][\/et_pb_section][et_pb_section fb_built=\"1\" admin_label=\"section\" _builder_version=\"3.22\" custom_padding=\"52px|||||\"][et_pb_row admin_label=\"row\" _builder_version=\"3.25\" background_size=\"initial\" background_position=\"top_left\" background_repeat=\"repeat\"][et_pb_column type=\"4_4\" _builder_version=\"3.25\" custom_padding=\"|||\" custom_padding__hover=\"|||\"][et_pb_text admin_label=\"Text\" _builder_version=\"4.2.2\" background_size=\"initial\" background_position=\"top_left\" background_repeat=\"repeat\" hover_enabled=\"0\"]<\/p><p><!--themify_builder_static--><\/p><h1>Join our School<\/h1><h1><span style=\"font-size: 16px;\">The Yola Guz Online floral courses will provide you with a great long distance learning experience that will assist you in becoming a Certified Professional Floral Designer. We are looking forward to teaching you our methods and help you succeed in the world of floral design.<\/span><\/h1><p>Monday - Friday 9am \u2013 5pm\u00a0EST<\/p><p>7158 NW 50 Street\u00a0Miami, Florida 33166.<br \/>305-504- 1061<\/p><h4>Have any questions, comments, or concerns? Ask below.<\/h4><p>[formidable id=8]<\/p><p><!--\/themify_builder_static--><\/p><p>[\/et_pb_text][et_pb_map _builder_version=\"4.2.2\" hover_enabled=\"0\"][\/et_pb_map][\/et_pb_column][\/et_pb_row][\/et_pb_section]<\/p>","_et_gb_content_width":"","footnotes":""},"class_list":["post-9846","page","type-page","status-publish","hentry"],"_links":{"self":[{"href":"https:\/\/yolaguz.com\/es\/wp-json\/wp\/v2\/pages\/9846","targetHints":{"allow":["GET"]}}],"collection":[{"href":"https:\/\/yolaguz.com\/es\/wp-json\/wp\/v2\/pages"}],"about":[{"href":"https:\/\/yolaguz.com\/es\/wp-json\/wp\/v2\/types\/page"}],"author":[{"embeddable":true,"href":"https:\/\/yolaguz.com\/es\/wp-json\/wp\/v2\/users\/456"}],"replies":[{"embeddable":true,"href":"https:\/\/yolaguz.com\/es\/wp-json\/wp\/v2\/comments?post=9846"}],"version-history":[{"count":0,"href":"https:\/\/yolaguz.com\/es\/wp-json\/wp\/v2\/pages\/9846\/revisions"}],"wp:attachment":[{"href":"https:\/\/yolaguz.com\/es\/wp-json\/wp\/v2\/media?parent=9846"}],"curies":[{"name":"wp","href":"https:\/\/api.w.org\/{rel}","templated":true}]}}