{"id":9858,"date":"2020-05-14T03:34:47","date_gmt":"2020-05-14T03:34:47","guid":{"rendered":"https:\/\/yolaguz.com\/?page_id=9858"},"modified":"2025-09-10T17:43:34","modified_gmt":"2025-09-10T21:43:34","slug":"classe-gratuita","status":"publish","type":"page","link":"https:\/\/yolaguz.com\/es\/classe-gratuita\/","title":{"rendered":"Classe Gratuita"},"content":{"rendered":"<p>[et_pb_section fb_built=\u00bb1&#8243; fullwidth=\u00bbon\u00bb _builder_version=\u00bb4.16&#8243; use_background_color_gradient=\u00bbon\u00bb background_color_gradient_stops=\u00bbrgba(250,0,255,0.62) 0%|rgba(81,0,48,0.9) 100%\u00bb background_color_gradient_overlays_image=\u00bbon\u00bb background_color_gradient_start=\u00bbrgba(250,0,255,0.62)\u00bb background_color_gradient_end=\u00bbrgba(81,0,48,0.9)\u00bb background_image=\u00bbhttps:\/\/yolaguz.com\/wp-content\/uploads\/2020\/04\/pngwing.com-1.png\u00bb global_colors_info=\u00bb{}\u00bb][et_pb_fullwidth_post_title meta=\u00bboff\u00bb featured_image=\u00bboff\u00bb _builder_version=\u00bb4.16&#8243; title_text_color=\u00bb#ffffff\u00bb custom_padding=\u00bb||60px||false|false\u00bb global_colors_info=\u00bb{}\u00bb][\/et_pb_fullwidth_post_title][\/et_pb_section][et_pb_section fb_built=\u00bb1&#8243; admin_label=\u00bbsection\u00bb _builder_version=\u00bb4.16&#8243; custom_padding=\u00bb80px|||||\u00bb global_colors_info=\u00bb{}\u00bb][et_pb_row admin_label=\u00bbrow\u00bb _builder_version=\u00bb4.16&#8243; background_size=\u00bbinitial\u00bb background_position=\u00bbtop_left\u00bb background_repeat=\u00bbrepeat\u00bb global_colors_info=\u00bb{}\u00bb][et_pb_column type=\u00bb4_4&#8243; _builder_version=\u00bb4.16&#8243; custom_padding=\u00bb|||\u00bb global_colors_info=\u00bb{}\u00bb custom_padding__hover=\u00bb|||\u00bb][et_pb_video src=\u00bbhttps:\/\/player.vimeo.com\/video\/222381462%22&#8243; _builder_version=\u00bb4.27.4&#8243; _module_preset=\u00bbdefault\u00bb global_colors_info=\u00bb{}\u00bb][\/et_pb_video][et_pb_text _builder_version=\u00bb4.16&#8243; global_colors_info=\u00bb{}\u00bb]<\/p>\n<h2>Clase de Dise\u00f1o Floral Yola Guz<\/h2>\n<p><span>Esta clase de muestra gratis se les presenta con un video de 18 minutos para demostrarles la calidad y el nivel de instrucci\u00f3n que recibir\u00e1n con nuestros cursos florales online. \u00a0<\/span><\/p>\n<p><span>La profundidad del conocimiento en dise\u00f1o floral que adquirir\u00e1 le proporcionar\u00e1 fundamentos s\u00f3lidos con los cuales podr\u00e1 comenzar una carrera profesional exitosa. Para aquellos que prefieren tomar los cursos y utilizar el conocimiento como un hobby obtendr\u00e1n todo lo que deseaban y m\u00e1s.<\/span><\/p>\n<p><span>Los profesionales establecidos que desean realzar sus habilidades con las \u00faltimas tendencias en dise\u00f1o floral, tales como estilos org\u00e1nicos modernos y org\u00e1nicos industriales encontrar\u00e1n nuestros cursos online de gran beneficio que les ayudaran a adquirir \u00a0niveles m\u00e1s altos de excelencia en dise\u00f1o floral. \u00a0<\/span><\/p>\n<p><span>Tambien con nuestros cursos recibir\u00e1 certificaci\u00f3n profesional y Diplomado. \u00a0Ademas una vez haya aprobado nuestros cursos online tendr\u00e1 la oportunidad de conseguir el prestigioso titulo profesional reconocido mundialmente AIFD y CFD (American Institute of Floral Designers).<\/span><\/p>\n<p>[\/et_pb_text][et_pb_image src=\u00bbhttps:\/\/yolaguz.com\/wp-content\/uploads\/2025\/09\/aifd-logo.jpg\u00bb _builder_version=\u00bb4.27.4&#8243; _module_preset=\u00bbdefault\u00bb title_text=\u00bbaifd-logo\u00bb align=\u00bbcenter\u00bb hover_enabled=\u00bb0&#8243; sticky_enabled=\u00bb0&#8243;][\/et_pb_image][\/et_pb_column][\/et_pb_row][\/et_pb_section]<\/p>\n","protected":false},"excerpt":{"rendered":"<p>Clase de Dise\u00f1o Floral Yola Guz Esta clase de muestra gratis se les presenta con un video de 18 minutos para demostrarles la calidad y el nivel de instrucci\u00f3n que recibir\u00e1n con nuestros cursos florales online. \u00a0 La profundidad del conocimiento en dise\u00f1o floral que adquirir\u00e1 le proporcionar\u00e1 fundamentos s\u00f3lidos con los cuales podr\u00e1 comenzar [&hellip;]<\/p>\n","protected":false},"author":456,"featured_media":0,"parent":0,"menu_order":0,"comment_status":"closed","ping_status":"closed","template":"","meta":{"_et_pb_use_builder":"on","_et_pb_old_content":"<p>[et_pb_section fb_built=\"1\" fullwidth=\"on\" _builder_version=\"4.2.2\" use_background_color_gradient=\"on\" background_color_gradient_start=\"rgba(250,0,255,0.62)\" background_color_gradient_end=\"rgba(81,0,48,0.9)\" background_color_gradient_overlays_image=\"on\" background_image=\"https:\/\/yolaguz.com\/wp-content\/uploads\/2020\/04\/pngwing.com-1.png\" global_module=\"9081\"][et_pb_fullwidth_post_title meta=\"off\" featured_image=\"off\" _builder_version=\"4.2.2\" title_text_color=\"#ffffff\" custom_padding=\"||60px||false|false\"][\/et_pb_fullwidth_post_title][\/et_pb_section][et_pb_section fb_built=\"1\" admin_label=\"section\" _builder_version=\"3.22\" custom_padding=\"80px|||||\"][et_pb_row column_structure=\"3_5,2_5\" admin_label=\"row\" _builder_version=\"3.25\" background_size=\"initial\" background_position=\"top_left\" background_repeat=\"repeat\"][et_pb_column type=\"3_5\" _builder_version=\"3.25\" custom_padding=\"|||\" custom_padding__hover=\"|||\"][et_pb_text _builder_version=\"4.2.2\" text_font=\"||||||||\" header_5_text_color=\"#ffffff\" header_5_line_height=\"1.4em\" background_color=\"#7cda24\" text_orientation=\"center\" module_alignment=\"center\" custom_padding=\"||31px||false|false\"]<\/p><p><img src=\"https:\/\/yolaguz.com\/wp-content\/uploads\/2018\/10\/Yola-guz-Online-Free-Course.jpg\" alt=\"Registration\" height=\"600\" \/><\/p><h5 style=\"text-align: center;\">\u00a0<\/h5><h5 style=\"text-align: center;\">\u00a0<\/h5><h3 style=\"text-align: center;\"><span style=\"color: #ffffff;\">Are you ready to take your business<\/span><\/h3><h3 style=\"text-align: center;\"><span style=\"color: #ffffff;\">to the next level?<\/span><\/h3><h3 style=\"text-align: center;\">\u00a0<\/h3><h3 style=\"text-align: center;\"><span style=\"color: #ffffff;\">Yola Guz Online proudly teaches florists<\/span><br \/><span style=\"color: #ffffff;\"> and aspiring florists how to create<\/span><br \/><span style=\"color: #ffffff;\"> award winning arrangements.<\/span><\/h3><p>[\/et_pb_text][et_pb_text _builder_version=\"4.2.2\"]<\/p><h2>Yola Guz Free Florist Course<\/h2><p>This sample class is presented to you by Yola & Ruben to demonstrate the quality and excellence level of instruction that you will be receiving with their online courses. \u00a0\u00a0It is an 18 minute sample class for you to watch. \u00a0You will find that the sample class is much shorter than the regular Courses Videos which run and average of 120 minutes each.<\/p><p>Ruben and Yola are bi-lingual (Spanish and English.) The videos were filmed in their original language of Spanish and were dubbed in English so English speakers could benefit from these online classes.<\/p><p>The depth of Floral Design knowledge acquired will provide you with strong fundamentals with which start a successful career. \u00a0For those who will prefer to take the courses and use the knowledge as a hobby will get everything they wished and more. \u00a0Established professionals who wish to enhance their skills with the latest trends in floral design, such as structural designs, organic modern and industrial organic styles will find our online courses of great benefit helping them get to higher levels of design excellence.<\/p><p>With our Online Classes you will be Certified as a Professional Floral Designer and it will be your path to Accreditation with AIFD, the American Institute of Floral Designers.<\/p><p>[\/et_pb_text][\/et_pb_column][et_pb_column type=\"2_5\" _builder_version=\"3.25\" custom_padding=\"|||\" custom_padding__hover=\"|||\"][et_pb_text admin_label=\"Text\" _builder_version=\"4.2.2\" background_size=\"initial\" background_position=\"top_left\" background_repeat=\"repeat\"]<\/p><p><!--themify_builder_static--><\/p><p><span style=\"color: #333333; font-family: Capriola, Helvetica, Arial, Lucida, sans-serif; font-size: 26px; text-align: center;\">Gain instant access to our introductory online florist course by filling out the form below.<\/span><\/p><p>\u00a0<\/p><p>[formidable id=19]<\/p><p>\u00a0<\/p><p><!--\/themify_builder_static--><\/p><p>[\/et_pb_text][\/et_pb_column][\/et_pb_row][\/et_pb_section]<\/p>","_et_gb_content_width":"","footnotes":""},"class_list":["post-9858","page","type-page","status-publish","hentry"],"_links":{"self":[{"href":"https:\/\/yolaguz.com\/es\/wp-json\/wp\/v2\/pages\/9858","targetHints":{"allow":["GET"]}}],"collection":[{"href":"https:\/\/yolaguz.com\/es\/wp-json\/wp\/v2\/pages"}],"about":[{"href":"https:\/\/yolaguz.com\/es\/wp-json\/wp\/v2\/types\/page"}],"author":[{"embeddable":true,"href":"https:\/\/yolaguz.com\/es\/wp-json\/wp\/v2\/users\/456"}],"replies":[{"embeddable":true,"href":"https:\/\/yolaguz.com\/es\/wp-json\/wp\/v2\/comments?post=9858"}],"version-history":[{"count":0,"href":"https:\/\/yolaguz.com\/es\/wp-json\/wp\/v2\/pages\/9858\/revisions"}],"wp:attachment":[{"href":"https:\/\/yolaguz.com\/es\/wp-json\/wp\/v2\/media?parent=9858"}],"curies":[{"name":"wp","href":"https:\/\/api.w.org\/{rel}","templated":true}]}}